{"id":2089,"date":"2026-02-05T08:08:01","date_gmt":"2026-02-05T08:08:01","guid":{"rendered":"https:\/\/highperformance.blackirongolf.es\/?page_id=2089"},"modified":"2026-02-05T08:12:18","modified_gmt":"2026-02-05T08:12:18","slug":"politica-de-privacidad","status":"publish","type":"page","link":"https:\/\/highperformance.blackirongolf.es\/es\/politica-de-privacidad\/","title":{"rendered":"Pol\u00edtica de privacidad"},"content":{"rendered":"\t\t<div data-elementor-type=\"wp-page\" data-elementor-id=\"2089\" class=\"elementor elementor-2089\" data-elementor-post-type=\"page\">\n\t\t\t\t<div class=\"elementor-element elementor-element-759c2a3 e-flex e-con-boxed e-con e-parent\" data-id=\"759c2a3\" data-element_type=\"container\" data-e-type=\"container\">\n\t\t\t\t\t<div class=\"e-con-inner\">\n\t\t\t\t<div class=\"elementor-element elementor-element-5c2de41 elementor-widget elementor-widget-text-editor\" data-id=\"5c2de41\" data-element_type=\"widget\" data-e-type=\"widget\" data-widget_type=\"text-editor.default\">\n\t\t\t\t<div class=\"elementor-widget-container\">\n\t\t\t\t\t\t\t\t\t<p>A los efectos del cumplimiento del Reglamento General de Protecci\u00f3n de Datos (RGPD), se establece la siguiente informaci\u00f3n:<\/p><ul><li><strong>Responsable:\u00a0<b>Black Iron Sports SL<\/b><\/strong>\u00a0, con domicilio social en URB.\u00a0EL CHAPARRAL s\/N CLUB DE GOLF<br \/>29649 MIJAS (UR) \u2013 (M\u00c1LAGA) con CIF n\u00ba B01633544<\/li><li><strong>Tratamiento<\/strong>\u00a0:\u00a0<a href=\"mailto:in&#102;o&#64;&#98;l&#97;&#99;kir&#111;n&#103;&#111;l&#102;&#46;&#101;s\" rel=\"nofollow\">\u00a0&#105;&#110;&#102;&#111;&#64;b&#108;a&#99;&#107;ir&#111;ng&#111;lf.&#101;&#115;<\/a><\/li><li><strong>Finalidad:<\/strong>\u00a0\u00a0Se trata la informaci\u00f3n que nos facilitan las personas interesadas con el fin de gestionar el env\u00edo de la informaci\u00f3n que nos solicitan, facilitar al interesado ofertas de productos y servicios de su inter\u00e9s y mejorar su experiencia de usuario, pudiendo elaborarse, de ser necesario. , un perfil comercial, en base a la informaci\u00f3n facilitada.\u00a0No se tomar\u00e1n decisiones autom\u00e1ticas en base a dicho perfil.<\/li><\/ul><p>Los datos personales proporcionados se conservar\u00e1n mientras se mantenga la relaci\u00f3n mercantil, y no se solicitar\u00e1 su supresi\u00f3n por el interesado.<\/p><ul><li><strong>Legitimaci\u00f3n:<\/strong>\u00a0\u00a0Se solicita el consentimiento del interesado para el tratamiento de sus datos y la oferta prospectiva de productos y servicios.<\/li><li><strong>Destinatarios:<\/strong>\u00a0\u00a0Los datos personales no se ceder\u00e1n a terceros, salvo en su caso, otras empresas del grupo para fines administrativos internos.<\/li><li><strong>Derechos<\/strong>\u00a0\u00a0Las personas interesadas tienen derecho a acceder a sus datos personales, as\u00ed como a solicitar la rectificaci\u00f3n de los datos inexactos o, en su caso, solicitar su supresi\u00f3n cuando, los datos ya no sean necesarios para las multas que fueron recogidas.\u00a0Tambi\u00e9n los interesados \u200b\u200ben determinadas circunstancias podr\u00e1n oponerse al tratamiento de sus datos.\u00a0Tambi\u00e9n tendr\u00e1 derecho a retirar el consentimiento prestado y reclamar ante la Autoridad de Control.\u00a0Para ejercer sus derechos deber\u00e1 ponerse en contacto con el Responsable en la direcci\u00f3n que aparece en el primer recuadro, acompa\u00f1ado de copia del documento de identidad del interesado.<\/li><\/ul>\t\t\t\t\t\t\t\t<\/div>\n\t\t\t\t<\/div>\n\t\t\t\t\t<\/div>\n\t\t\t\t<\/div>\n\t\t\t\t<\/div>\n\t\t","protected":false},"excerpt":{"rendered":"<p>A los efectos del cumplimiento del Reglamento General de Protecci\u00f3n de Datos (RGPD), se establece la siguiente informaci\u00f3n: Responsable:\u00a0Black Iron Sports SL\u00a0, con domicilio social en URB.\u00a0EL CHAPARRAL s\/N CLUB DE GOLF29649 MIJAS (UR) \u2013 (M\u00c1LAGA) con CIF n\u00ba B01633544 Tratamiento\u00a0:\u00a0\u00a0i&#110;&#102;&#111;&#64;&#98;la&#99;k&#105;r&#111;&#110;go&#108;f.&#101;&#115; Finalidad:\u00a0\u00a0Se trata la informaci\u00f3n que nos facilitan las personas interesadas con el fin de [&hellip;]<\/p>\n","protected":false},"author":1,"featured_media":0,"parent":0,"menu_order":0,"comment_status":"closed","ping_status":"closed","template":"elementor_header_footer","meta":{"footnotes":""},"class_list":["post-2089","page","type-page","status-publish","hentry"],"_links":{"self":[{"href":"https:\/\/highperformance.blackirongolf.es\/es\/wp-json\/wp\/v2\/pages\/2089","targetHints":{"allow":["GET"]}}],"collection":[{"href":"https:\/\/highperformance.blackirongolf.es\/es\/wp-json\/wp\/v2\/pages"}],"about":[{"href":"https:\/\/highperformance.blackirongolf.es\/es\/wp-json\/wp\/v2\/types\/page"}],"author":[{"embeddable":true,"href":"https:\/\/highperformance.blackirongolf.es\/es\/wp-json\/wp\/v2\/users\/1"}],"replies":[{"embeddable":true,"href":"https:\/\/highperformance.blackirongolf.es\/es\/wp-json\/wp\/v2\/comments?post=2089"}],"version-history":[{"count":4,"href":"https:\/\/highperformance.blackirongolf.es\/es\/wp-json\/wp\/v2\/pages\/2089\/revisions"}],"predecessor-version":[{"id":2094,"href":"https:\/\/highperformance.blackirongolf.es\/es\/wp-json\/wp\/v2\/pages\/2089\/revisions\/2094"}],"wp:attachment":[{"href":"https:\/\/highperformance.blackirongolf.es\/es\/wp-json\/wp\/v2\/media?parent=2089"}],"curies":[{"name":"wp","href":"https:\/\/api.w.org\/{rel}","templated":true}]}}