{"id":2095,"date":"2026-02-05T08:19:52","date_gmt":"2026-02-05T08:19:52","guid":{"rendered":"https:\/\/highperformance.blackirongolf.es\/?page_id=2095"},"modified":"2026-02-05T08:20:44","modified_gmt":"2026-02-05T08:20:44","slug":"politica-de-cookies","status":"publish","type":"page","link":"https:\/\/highperformance.blackirongolf.es\/es\/politica-de-cookies\/","title":{"rendered":"Pol\u00edtica de cookies"},"content":{"rendered":"\t\t<div data-elementor-type=\"wp-page\" data-elementor-id=\"2095\" class=\"elementor elementor-2095\" data-elementor-post-type=\"page\">\n\t\t\t\t<div class=\"elementor-element elementor-element-759c2a3 e-flex e-con-boxed e-con e-parent\" data-id=\"759c2a3\" data-element_type=\"container\" data-e-type=\"container\">\n\t\t\t\t\t<div class=\"e-con-inner\">\n\t\t\t\t<div class=\"elementor-element elementor-element-5c2de41 elementor-widget elementor-widget-text-editor\" data-id=\"5c2de41\" data-element_type=\"widget\" data-e-type=\"widget\" data-widget_type=\"text-editor.default\">\n\t\t\t\t<div class=\"elementor-widget-container\">\n\t\t\t\t\t\t\t\t\t<h5>\u00bfQu\u00e9 son las cookies?<\/h5><div><p>Esta Pol\u00edtica de cookies explica qu\u00e9 son las cookies y c\u00f3mo las usamos, los tipos de cookies que usamos, es decir, la informaci\u00f3n que recopilamos usando cookies y c\u00f3mo se usa esa informaci\u00f3n, y c\u00f3mo administrar la configuraci\u00f3n de cookies.<\/p><p>Las cookies son peque\u00f1os archivos de texto que se utilizan para almacenar peque\u00f1os fragmentos de informaci\u00f3n. Se almacenan en su dispositivo cuando el sitio web se carga en su navegador. Estas cookies nos ayudan a hacer que el sitio web funcione correctamente, hacerlo m\u00e1s seguro, brindar una mejor experiencia de usuario y comprender c\u00f3mo funciona el sitio web y analizar qu\u00e9 funciona y d\u00f3nde necesita mejorar.<\/p><\/div><h5>\u00a0\u00bfC\u00f3mo usamos las cookies?<\/h5><p>Como la mayor\u00eda de los servicios en l\u00ednea, nuestro sitio web utiliza cookies propias y de terceros para varios prop\u00f3sitos. Las cookies de origen son en su mayor\u00eda necesarias para que el sitio web funcione correctamente y no recopilan ninguno de sus datos de identificaci\u00f3n personal.<\/p><p>Las cookies de terceros utilizadas en nuestro sitio web son principalmente para comprender c\u00f3mo funciona el sitio web, c\u00f3mo interact\u00faa con nuestro sitio web, mantener nuestros servicios seguros, proporcionar anuncios que son relevantes para usted y, en general, brindarle un usuario mejor y mejorado. experimentar y ayudar a acelerar sus futuras interacciones con nuestro sitio web.<\/p><h5>\u00a0Tipos de Cookies que utilizamos<\/h5><p>\u00a0<\/p><div class=\"cky-audit-table-element\"><h3>Necesaria<\/h3><div class=\"cky-category-des\"><p>Las cookies necesarias son cruciales para las funciones b\u00e1sicas del sitio web y el sitio web no funcionar\u00e1 de la forma prevista sin ellas. Estas cookies no almacenan ning\u00fan dato de identificaci\u00f3n personal.<\/p><\/div><div class=\"cky-table-wrapper\"><table class=\"cky-cookie-audit-table\"><thead><tr><th>Cookie<\/th><th>Duraci\u00f3n<\/th><th>Descripci\u00f3n<\/th><\/tr><\/thead><tbody><tr><td>cookieyes-consent<\/td><td>1 a\u00f1o<\/td><td>CookieYes establece esta cookie para recordar las preferencias de consentimiento de los usuarios, de modo que se respeten sus preferencias en las siguientes visitas a este sitio. No recoge ni almacena ninguna informaci\u00f3n personal sobre los visitantes del sitio.<\/td><\/tr><tr><td>elementor<\/td><td>Nunca<\/td><td>El tema de WordPress del sitio web establece esta cookie. Permite al propietario del sitio web implementar o cambiar el contenido del sitio web en tiempo real.<\/td><\/tr><tr><td>wpEmojiSettingsSupports<\/td><td>sesi\u00f3n<\/td><td>WordPress sets this cookie when a user interacts with emojis on a WordPress site. It helps determine if the user&#8217;s browser can display emojis properly.<\/td><\/tr><\/tbody><\/table><\/div><h3>Funcional<\/h3><div class=\"cky-category-des\"><p>Las cookies funcionales ayudan a realizar ciertas funcionalidades, como compartir el contenido del sitio web en plataformas de redes sociales, recopilar comentarios y otras caracter\u00edsticas de terceros.<\/p><\/div><div class=\"cky-table-wrapper\"><table class=\"cky-cookie-audit-table\"><thead><tr><th>Cookie<\/th><th>Duraci\u00f3n<\/th><th>Descripci\u00f3n<\/th><\/tr><\/thead><tbody><tr><td>wp-wpml_current_language<\/td><td>sesi\u00f3n<\/td><td>El plugin multiling\u00fce de WordPress establece esta cookie para almacenar la configuraci\u00f3n del idioma actual.<\/td><\/tr><\/tbody><\/table><\/div><h3>Anal\u00edtica<\/h3><div class=\"cky-category-des\"><p>Las cookies anal\u00edticas se utilizan para comprender c\u00f3mo interact\u00faan los visitantes con el sitio web. Estas cookies ayudan a proporcionar informaci\u00f3n sobre m\u00e9tricas el n\u00famero de visitantes, el porcentaje de rebote, la fuente de tr\u00e1fico, etc.<\/p><\/div><div class=\"cky-table-wrapper\"><table class=\"cky-cookie-audit-table\"><thead><tr><th>Cookie<\/th><th>Duraci\u00f3n<\/th><th>Descripci\u00f3n<\/th><\/tr><\/thead><tbody><tr><td>_ga_*<\/td><td>1 a\u00f1o 1 mes 4 d\u00edas<\/td><td>Google Analytics sets this cookie to store and count page views.<\/td><\/tr><tr><td>_ga<\/td><td>1 a\u00f1o 1 mes 4 d\u00edas<\/td><td>Google Analytics establece esta cookie para calcular los datos de los visitantes, de las sesiones y de las campa\u00f1as y para hacer un seguimiento del uso del sitio para el informe de an\u00e1lisis del sitio. La cookie almacena la informaci\u00f3n de forma an\u00f3nima y asigna un n\u00famero generado aleatoriamente para reconocer a los visitantes \u00fanicos.<\/td><\/tr><tr><td>_gid<\/td><td>1 d\u00eda<\/td><td>Google Analytics establece esta cookie para almacenar informaci\u00f3n sobre el uso que hacen los visitantes de un sitio web, al tiempo que crea un informe anal\u00edtico sobre el rendimiento del sitio. Algunos de los datos recogidos incluyen el n\u00famero de visitantes, su origen y las p\u00e1ginas que visitan de forma an\u00f3nima.<\/td><\/tr><tr><td>_gat_gtag_UA_*<\/td><td>1 minuto<\/td><td>Google Analytics sets this cookie to store a unique user ID.<\/td><\/tr><\/tbody><\/table><\/div><\/div><p>\u00a0<\/p><div>\u00a0<\/div><p>\u00a0<\/p><h5>Administrar preferencias de cookies<\/h5><p><a class=\"cky-banner-element\">Configuraci\u00f3n de cookies<\/a><\/p><div><p>Puede cambiar sus preferencias de cookies en cualquier momento haciendo clic en el bot\u00f3n de arriba. Esto le permitir\u00e1 volver a visitar el banner de consentimiento de cookies y cambiar sus preferencias o retirar su consentimiento de inmediato.<\/p><p>Adem\u00e1s de esto, los diferentes navegadores brindan diferentes m\u00e9todos para bloquear y eliminar las cookies utilizadas por los sitios web. Puede cambiar la configuraci\u00f3n de su navegador para bloquear\/eliminar las cookies. A continuaci\u00f3n se enumeran los enlaces a los documentos de soporte sobre c\u00f3mo administrar y eliminar las cookies de los principales navegadores web.<\/p><p>Chrome:\u00a0<a href=\"https:\/\/support.google.com\/accounts\/answer\/32050\" target=\"_blank\" rel=\"noopener noreferrer\">https:\/\/support.google.com\/accounts\/answer\/32050<\/a><\/p><p>Safari:\u00a0<a href=\"https:\/\/support.apple.com\/en-in\/guide\/safari\/sfri11471\/mac\" target=\"_blank\" rel=\"noopener noreferrer\">https:\/\/support.apple.com\/en-in\/guide\/safari\/sfri11471\/mac<\/a><\/p><p>Firefox:\u00a0<a href=\"https:\/\/support.mozilla.org\/en-US\/kb\/clear-cookies-and-site-data-firefox?redirectslug=delete-cookies-remove-info-websites-stored&amp;redirectlocale=en-US\" target=\"_blank\" rel=\"noopener noreferrer\">https:\/\/support.mozilla.org\/en-US\/kb\/clear-cookies-and-site-data-firefox?redirectslug=delete-cookies-remove-info-websites-stored&amp;redirectlocale=en-US<\/a><\/p><p>Internet Explorer:\u00a0<a href=\"https:\/\/support.microsoft.com\/en-us\/topic\/how-to-delete-cookie-files-in-internet-explorer-bca9446f-d873-78de-77ba-d42645fa52fc\" target=\"_blank\" rel=\"noopener noreferrer\">https:\/\/support.microsoft.com\/en-us\/topic\/how-to-delete-cookie-files-in-internet-explorer-bca9446f-d873-78de-77ba-d42645fa52fc<\/a><\/p><p>Si est\u00e1 utilizando cualquier otro navegador web, visite los documentos de soporte oficiales de su navegador.<\/p><\/div>\t\t\t\t\t\t\t\t<\/div>\n\t\t\t\t<\/div>\n\t\t\t\t\t<\/div>\n\t\t\t\t<\/div>\n\t\t\t\t<\/div>\n\t\t","protected":false},"excerpt":{"rendered":"<p>\u00bfQu\u00e9 son las cookies? Esta Pol\u00edtica de cookies explica qu\u00e9 son las cookies y c\u00f3mo las usamos, los tipos de cookies que usamos, es decir, la informaci\u00f3n que recopilamos usando cookies y c\u00f3mo se usa esa informaci\u00f3n, y c\u00f3mo administrar la configuraci\u00f3n de cookies. Las cookies son peque\u00f1os archivos de texto que se utilizan para [&hellip;]<\/p>\n","protected":false},"author":1,"featured_media":0,"parent":0,"menu_order":0,"comment_status":"closed","ping_status":"closed","template":"elementor_header_footer","meta":{"footnotes":""},"class_list":["post-2095","page","type-page","status-publish","hentry"],"_links":{"self":[{"href":"https:\/\/highperformance.blackirongolf.es\/es\/wp-json\/wp\/v2\/pages\/2095","targetHints":{"allow":["GET"]}}],"collection":[{"href":"https:\/\/highperformance.blackirongolf.es\/es\/wp-json\/wp\/v2\/pages"}],"about":[{"href":"https:\/\/highperformance.blackirongolf.es\/es\/wp-json\/wp\/v2\/types\/page"}],"author":[{"embeddable":true,"href":"https:\/\/highperformance.blackirongolf.es\/es\/wp-json\/wp\/v2\/users\/1"}],"replies":[{"embeddable":true,"href":"https:\/\/highperformance.blackirongolf.es\/es\/wp-json\/wp\/v2\/comments?post=2095"}],"version-history":[{"count":4,"href":"https:\/\/highperformance.blackirongolf.es\/es\/wp-json\/wp\/v2\/pages\/2095\/revisions"}],"predecessor-version":[{"id":2099,"href":"https:\/\/highperformance.blackirongolf.es\/es\/wp-json\/wp\/v2\/pages\/2095\/revisions\/2099"}],"wp:attachment":[{"href":"https:\/\/highperformance.blackirongolf.es\/es\/wp-json\/wp\/v2\/media?parent=2095"}],"curies":[{"name":"wp","href":"https:\/\/api.w.org\/{rel}","templated":true}]}}