{"id":2100,"date":"2026-02-05T08:21:53","date_gmt":"2026-02-05T08:21:53","guid":{"rendered":"https:\/\/highperformance.blackirongolf.es\/?page_id=2100"},"modified":"2026-02-05T08:23:10","modified_gmt":"2026-02-05T08:23:10","slug":"aviso-legal","status":"publish","type":"page","link":"https:\/\/highperformance.blackirongolf.es\/es\/aviso-legal\/","title":{"rendered":"Aviso legal"},"content":{"rendered":"\t\t<div data-elementor-type=\"wp-page\" data-elementor-id=\"2100\" class=\"elementor elementor-2100\" data-elementor-post-type=\"page\">\n\t\t\t\t<div class=\"elementor-element elementor-element-759c2a3 e-flex e-con-boxed e-con e-parent\" data-id=\"759c2a3\" data-element_type=\"container\" data-e-type=\"container\">\n\t\t\t\t\t<div class=\"e-con-inner\">\n\t\t\t\t<div class=\"elementor-element elementor-element-5c2de41 elementor-widget elementor-widget-text-editor\" data-id=\"5c2de41\" data-element_type=\"widget\" data-e-type=\"widget\" data-widget_type=\"text-editor.default\">\n\t\t\t\t<div class=\"elementor-widget-container\">\n\t\t\t\t\t\t\t\t\t<p><strong>1. Pol\u00edtica de privacidad y protecci\u00f3n de datos personales:<\/strong><br \/>Mediante este aviso, BLACK IRON GOLF ACADEMY, con domicilio social en Urb. El Chaparral, km 203 N 340 (Club de Golf) MIJAS, CP29649 M\u00e1laga con CIF n\u00ba B01633544 e inscrita en el Registro Mercantil informa a los usuarios del portal web URL acerca de su pol\u00edtica de protecci\u00f3n de datos de car\u00e1cter personal (en adelante, \u00ablos Datos Personales\u00bb) para que los Usuarios determinen, libre y voluntariamente, si desean facilitar a BLACK IRON GOLF ACADEMY. los Datos Personales que se les puedan requerir o que se puedan obtener de los Usuarios con ocasi\u00f3n de la suscripci\u00f3n o alta en algunos de los servicios ofrecidos por BLACK IRON GOLF ACADEMY en el Portal o a trav\u00e9s del Portal. BLACK IRON GOLF ACADEMY se reserva el derecho a modificar la presente pol\u00edtica para adaptarla a novedades legislativas o jurisprudenciales as\u00ed como a pr\u00e1cticas de la industria. De conformidad con lo dispuesto en el Reglamento General de Protecci\u00f3n de Datos, aplicable a partir del 25 de mayo de 2018, norma de aplicaci\u00f3n directa en toda la Uni\u00f3n Europea, relativa a la protecci\u00f3n de las personas f\u00edsicas en lo que respeta al tratamiento de datos personales y la libre circulaci\u00f3n de estos datos, BLACK IRON GOLF ACADEMY informa que es el Responsable del Tratamiento de los datos personales que pueda facilitar el interesado en cualquier momento y de forma voluntaria, que ser\u00e1n tratados con el fin de gestionar el env\u00edo de la informaci\u00f3n que nos solicitan, facilitar al interesado ofertas de productos y servicios de su inter\u00e9s y mejorar su experiencia de usuario, pudiendo elaborarse, de ser necesario, un perfil comercial, en base a la informaci\u00f3n facilitada y tambi\u00e9n para actualizar nuestra base de datos de empresas y profesionales. No se tomar\u00e1n decisiones autom\u00e1ticas en base a dicho perfil.<\/p><p>Los datos personales proporcionados se conservar\u00e1n mientras se mantenga la relaci\u00f3n mercantil, y no se solicitar\u00e1 su supresi\u00f3n por el interesado, solicitando por parte de BLACK IRON GOLF ACADEMY el consentimiento del interesado para el tratamiento de sus datos y la oferta prospectiva de productos y servicios.<\/p><p>Los datos personales no se ceder\u00e1n a terceros, salvo a otras empresas del grupo para fines usuarios administrativos internos y el env\u00edo de comunicaciones comerciales que sean del inter\u00e9s del.<\/p><p>Las personas interesadas tienen derecho a acceder a sus datos personales, as\u00ed como a solicitar la rectificaci\u00f3n de los datos inexactos o, en su caso, solicitar su supresi\u00f3n cuando, los datos ya no sean necesarios para las multas que fueron recogidas. Tambi\u00e9n los interesados \u200b\u200ben determinadas circunstancias podr\u00e1n oponerse al tratamiento de sus datos.<br \/>Tambi\u00e9n tendr\u00e1 derecho a retirar el consentimiento prestado y reclamar ante la Autoridad de Control.<\/p><p>Para ejercer sus derechos, el interesado deber\u00e1 ponerse en contacto mediante<br \/>comunicaci\u00f3n escrita dirigida al Servicio de Atenci\u00f3n al Cliente de\u00a0BLACK IRON GOLF ACADEMY, en el domicilio social arriba indicado, o mediante correo electr\u00f3nico a la direcci\u00f3n i&#110;f&#111;&#64;black&#105;&#114;ongo&#108;f&#46;e&#115;, adjuntando fotocopia de su DNI u otro documento equivalente acreditativo de su identidad.<br \/>De conformidad con el art. 9 de la LSSI, se hace constar que el dominio URL est\u00e1 inscrito en el Registro Mercantil e inscrita en el Registro Mercantil.<\/p><p><strong>2. Navegaci\u00f3n web. Cookies<\/strong><br \/>Las cookies son peque\u00f1os archivos de texto que se instalan en el navegador del ordenador del Usuario para registrar su actividad, enviando una identificaci\u00f3n an\u00f3nima que se almacena en el mismo, con la finalidad de que la navegaci\u00f3n sea m\u00e1s sencilla, permitiendo, por ejemplo, el acceso a los Usuarios que se hayan registrado previamente y el acceso a las \u00e1reas, servicios, promociones o concursos reservados exclusivamente a ellos sin tener que registrarse en cada visita. Se pueden utilizar tambi\u00e9n para medir la audiencia, par\u00e1metros del tr\u00e1fico y navegaci\u00f3n, tiempo de sesi\u00f3n, y\/o controlar el progreso y el n\u00famero<br \/>de entradas.<\/p><p>BLACK IRON GOLF ACADEMY\u00a0procurar\u00e1 en todo momento establecer mecanismos adecuados para obtener el consentimiento del Usuario para la instalaci\u00f3n de cookies que lo requieran. No obstante lo anterior, deber\u00e1 tenerse en cuenta que, de conformidad con la Ley, se entender\u00e1 que el Usuario ha dado su consentimiento si modifica la configuraci\u00f3n del navegador deshabilitando las restricciones que impiden la entrada de cookies y que el consentimiento referido no ser\u00e1 preciso para la instalaci\u00f3n de aquellas cookies que sean estrictamente necesarias para la prestaci\u00f3n de un servicio expresamente solicitado por el Usuario (mediante registro previo).<\/p><p>A continuaci\u00f3n adjuntamos una lista de las cookies principales que\u00a0BLACK IRON GOLF ACADEMY\u00a0est\u00e1 utilizando:<\/p><figure class=\"wp-block-table\"><table><tbody><tr><th>Nombre<\/th><th>Origen<\/th><th>Funci\u00f3n de las cookies<\/th><\/tr><tr><td>-utma<\/td><td>Google Anal\u00edtico<\/td><td>Habilitan la funci\u00f3n de control de visitas \u00fanicas. La primera vez que un usuario ingresa en el sitio web de EMPRESA. A trav\u00e9s de un navegador se instalar\u00e1 esta cookie. Cuando este usuario vuelve a entrar en nuestra p\u00e1gina con el mismo navegador, la cookie parece que es el mismo usuario. Solo en el caso de que el usuario cambie de navegador, Google Analytics lo considerar\u00e1 otro usuario.<\/td><\/tr><tr><td>-utmb-utmc<\/td><td>Google Anal\u00edtico<\/td><td>Habilitan la funci\u00f3n de c\u00e1lculo del tiempo de sesi\u00f3n. La primera (utmb) registra la hora de entrada en la p\u00e1gina y la segunda (utmc) comprueba si se debe mantener la sesi\u00f3n abierta o se debe crear una sesi\u00f3n nueva. La cookie utmb caduca a los 30 minutos desde el \u00faltimo registro de p\u00e1gina vista mientras que la utmc es una variable de sesi\u00f3n, por lo que se elimina autom\u00e1ticamente al cambiar de web o al cerrar el navegador.<\/td><\/tr><tr><td>-utmz<\/td><td>Google<\/td><td>Habilitan la funci\u00f3n de registro de la procedencia del usuario.<\/td><\/tr><tr><td>\u2014\u2013<\/td><td>Anal\u00edtica<\/td><td>Los datos registrados ser\u00e1n, entre otros, si el usuario llega a nuestro sitio web por tr\u00e1fico directo, desde otra web, desde una campa\u00f1a publicitaria o desde un buscador (indicando la palabra clave utilizada y la fuente)<\/td><\/tr><tr><td>Identificador PHPSESSID<\/td><td>Propia de EMPRESA<\/td><td>Habilita la funci\u00f3n de control de idioma, detectando as\u00ed el pa\u00eds de origen del visitante y mand\u00e1ndolo al idioma correcto.<\/td><\/tr><tr><td>EMPRESA<\/td><td>Propia de EMPRESA<\/td><td>Permite realizar la permanencia de la sesi\u00f3n para mostrar el mensaje de informaci\u00f3n de las cookies<\/td><\/tr><\/tbody><\/table><\/figure><p>Sin perjuicio de lo anterior, el Usuario tiene la posibilidad de configurar su navegador para<br \/>ser avisado de la recepci\u00f3n de cookies y para impedir su instalaci\u00f3n en su equipo.<\/p><p><strong>3. Condiciones de uso y su aceptaci\u00f3n<\/strong><\/p><p>Estas condiciones regulan el uso de la web de\u00a0BLACK IRON GOLF ACADEMY\u00a0para el usuario de Internet, y expresan la aceptaci\u00f3n plena y sin reservas del mismo de todas y cada una de las condiciones y restricciones que est\u00e9n publicadas en la web en el momento en que accede a la misma. El acceso a la web y\/o la utilizaci\u00f3n de cualquiera de los servicios en ella incluidos supondr\u00e1 la aceptaci\u00f3n de todas las condiciones de uso.\u00a0<strong>BLACK IRON GOLF ACADEMY<\/strong>\u00a0 se reserva el derecho a modificar unilateralmente la web y los servicios en ella ofrecidos, incluyendo la modificaci\u00f3n de las condiciones de uso. Por ello se recomienda al usuario que lea este Aviso Legal tantas veces como accede a la web.<\/p><p><strong>4. Condiciones de utilizaci\u00f3n de la Web<\/strong><\/p><p>El usuario debe utilizar la web de conformidad con los usos autorizados. Queda expresamente prohibida la utilizaci\u00f3n de la web o de cualquiera de sus servicios con multas o efectos il\u00edcitos, contrarios a la buena fe, al orden p\u00fablico oa lo establecido en las condiciones de uso.<\/p><p>Queda igualmente prohibido cualquier uso lesivo de derechos o intereses de terceros o que, de cualquier forma, dificulten la utilizaci\u00f3n por parte de otros usuarios de la normal utilizaci\u00f3n de la web y\/o sus servicios. La utilizaci\u00f3n de la web es gratuita.<\/p><p><strong>5. Derechos de Propiedad Intelectual e Industrial<\/strong><\/p><p>Todos los contenidos de la web (marca, nombres comerciales, im\u00e1genes, iconos, dise\u00f1o y presentaci\u00f3n general de las diferentes secciones) est\u00e1n sujetos a derechos de propiedad intelectual o industrial de\u00a0BLACK IRON GOLF ACADEMY\u00a0o de terceros. En ning\u00fan caso el acceso a la web implica que por parte de\u00a0BLACK IRON GOLF ACADEMY\u00a0o del titular de esos derechos: (1) se otorgue autorizaci\u00f3n o licencia alguna sobre esos contenidos, (2) se renuncia, transmita o ceda total o parcialmente ninguno de sus derechos sobre esos contenidos (entre otros, sus derechos de reproducci\u00f3n, distribuci\u00f3n y comunicaci\u00f3n p\u00fablica). No podr\u00e1n realizarse utilizaciones de la web y\/o de sus contenidos, diferentes de las expresamente autorizadas por\u00a0BLACK IRON GOLF ACADEMY.<\/p><p>Ning\u00fan usuario de esta web puede revender, volver a publicar, imprimir, bajar, copiar, retransmitir o presentar ning\u00fan elemento de esta web ni de los contenidos de la misma sin el consentimiento previo por escrito de\u00a0BLACK IRON GOLF ACADEMY, a menos que la ley permita, en medida razonable, copiar o imprimir los contenidos para uso personal y no comercial manteni\u00e9ndose inalterados, en todo caso, el Copyright y dem\u00e1s datos identificativos de los derechos de\u00a0BLACK IRON GOLF ACADEMY\u00a0y\/o del titular de los derechos de esos contenidos. Esta web y sus contenidos est\u00e1n protegidos por las leyes de protecci\u00f3n de la Propiedad Industrial e Intelectual internacionales y de Espa\u00f1a, ya sea como obras individuales y\/o como compilaciones. El usuario no puede borrar ni modificar de ninguna forma la informaci\u00f3n relativa a esos derechos incluidos en la web. Quedan reservados todos los derechos a favor de\u00a0BLACK IRON GOLF ACADEMY\u00a0o del titular de los mismos.<\/p><p><strong>6. Exclusi\u00f3n de Garant\u00edas y Responsabilidad<\/strong><\/p><p>Exclusi\u00f3n de garant\u00edas y responsabilidad por el funcionamiento de la Web\u00a0BLACK IRON GOLF ACADEMY\u00a0no garantiza y no asume ninguna responsabilidad por el funcionamiento de la web y\/o sus servicios. En caso de producirse interrupciones en su funcionamiento\u00a0BLACK IRON GOLF ACADEMY\u00a0tratar\u00e1, si esto fuera posible, de advertirlo al usuario.\u00a0BLACK IRON GOLF ACADEMY\u00a0tampoco garantiza la utilidad de la web y\/o sus servicios para la realizaci\u00f3n de ninguna actividad en particular, su infalibilidad ni que el usuario pueda utilizar en todo momento la web o los servicios que se ofrecen.\u00a0BLACK IRON GOLF ACADEMY\u00a0est\u00e1 autorizada a efectuar cuantas modificaciones t\u00e9cnicas sean necesarias para mejorar la calidad, rendimiento, eficacia del sistema y de su conexi\u00f3n. Salvo que se indique expresamente un plazo, la prestaci\u00f3n de los servicios tiene en principio una duraci\u00f3n indefinida, no obstante,\u00a0BLACK IRON GOLF ACADEMY\u00a0est\u00e1 autorizada a dar por terminado alguno de los servicios o el acceso a la web en cualquier momento. Siempre que esto fuera posible, la\u00a0BLACK IRON GOLF ACADEMY\u00a0tratar\u00e1 de comunicarlo con antelaci\u00f3n al usuario.<\/p><p><strong>Exclusi\u00f3n de garant\u00edas y responsabilidad por los contenidos.<\/strong><\/p><p>Los contenidos de todo tipo incluidos en la web que se encuentran disponibles para el p\u00fablico en general, facilitan el acceso a informaci\u00f3n, productos y servicios suministrados o prestados por BLACK IRON GOLF ACADEMY. Dichos contenidos son facilitados de buena fe por BLACK IRON GOLF ACADEMY con informaci\u00f3n procedente, en ocasiones, de fuentes distintas a BLACK IRON GOLF ACADEMY. Por lo tanto, BLACK IRON GOLF ACADEMY no puede garantizar la confiabilidad, veracidad, exhaustividad y actualidad de los contenidos y, por tanto queda excluido cualquier tipo de responsabilidad de BLACK IRON GOLF ACADEMY que pudiera derivarse por los da\u00f1os causados, directa o indirectamente, por la informaci\u00f3n a la que se accede por medio de la web. BLACK IRON GOLF ACADEMY no garantiza la idoneidad de los contenidos incluidos en la web para fines particulares de quien accede a la misma. En consecuencia, tanto el acceso a dicha web como el uso que pueda hacerse de la informaci\u00f3n y contenidos incluidos en las mismas se efect\u00faa bajo la responsabilidad exclusiva de quien lo realiza, y BLACK IRON GOLF ACADEMY no responder\u00e1 en ning\u00fan caso y en ninguna medida por los eventuales perjuicios derivados del uso de la informaci\u00f3n y contenidos accesibles en la web. Asimismo,BLACK IRON GOLF ACADEMY no ser\u00e1 en ning\u00fan caso responsable por productos o servicios prestados u ofertados por otras personas o entidades, o por contenidos, informaciones, comunicaciones, opiniones o manifestaciones de cualquier tipo originados o vertidos por terceros ya las que se pueda acceder a trav\u00e9s de la web. Exclusi\u00f3n de garant\u00edas y responsabilidad por enlaces a otras p\u00e1ginas La web puede permitir al usuario su acceso por medio de enlaces a otras p\u00e1ginas web. BLACK IRON GOLF ACADEMY no responde ni hace suyo el contenido de las p\u00e1ginas web enlazadas, ni garantiza la legalidad, exactitud, veracidad y confiabilidad de la informaci\u00f3n que incluyen. La existencia de un enlace no supondr\u00e1 la existencia de relaci\u00f3n de ning\u00fan tipo entre BLACK IRON GOLF ACADEMY y el titular del sitio enlazado. BLACK IRON GOLF ACADEMY no tendr\u00e1 ning\u00fan tipo de responsabilidad por infracciones o da\u00f1os que se causen al usuario oa terceros por el contenido de las p\u00e1ginas web a las que se encuentren unidas por un enlace. Jurisdicci\u00f3n y ley aplicable. Las condiciones de uso y los servicios ofrecidos en la web se rigen por la Ley Espa\u00f1ola. BLACK IRON GOLF ACADEMY no tiene control alguno sobre qui\u00e9n o qui\u00e9nes pueden acceder a su web y d\u00f3nde pueden estar emplazados. A pesar de que BLACK IRON GOLF ACADEMY es consciente de ello, esto no significa que se someta a las jurisdicciones de pa\u00edses extranjeros; en caso de conflicto o reclamaci\u00f3n en relaci\u00f3n a la web o cualquiera de los servicios por ella prestados, las partes acuerdan someterse expresamente a los juzgados y tribunales de Madrid (Espa\u00f1a).<\/p>\t\t\t\t\t\t\t\t<\/div>\n\t\t\t\t<\/div>\n\t\t\t\t\t<\/div>\n\t\t\t\t<\/div>\n\t\t\t\t<\/div>\n\t\t","protected":false},"excerpt":{"rendered":"<p>1. Pol\u00edtica de privacidad y protecci\u00f3n de datos personales:Mediante este aviso, BLACK IRON GOLF ACADEMY, con domicilio social en Urb. El Chaparral, km 203 N 340 (Club de Golf) MIJAS, CP29649 M\u00e1laga con CIF n\u00ba B01633544 e inscrita en el Registro Mercantil informa a los usuarios del portal web URL acerca de su pol\u00edtica de [&hellip;]<\/p>\n","protected":false},"author":1,"featured_media":0,"parent":0,"menu_order":0,"comment_status":"closed","ping_status":"closed","template":"elementor_header_footer","meta":{"footnotes":""},"class_list":["post-2100","page","type-page","status-publish","hentry"],"_links":{"self":[{"href":"https:\/\/highperformance.blackirongolf.es\/es\/wp-json\/wp\/v2\/pages\/2100","targetHints":{"allow":["GET"]}}],"collection":[{"href":"https:\/\/highperformance.blackirongolf.es\/es\/wp-json\/wp\/v2\/pages"}],"about":[{"href":"https:\/\/highperformance.blackirongolf.es\/es\/wp-json\/wp\/v2\/types\/page"}],"author":[{"embeddable":true,"href":"https:\/\/highperformance.blackirongolf.es\/es\/wp-json\/wp\/v2\/users\/1"}],"replies":[{"embeddable":true,"href":"https:\/\/highperformance.blackirongolf.es\/es\/wp-json\/wp\/v2\/comments?post=2100"}],"version-history":[{"count":4,"href":"https:\/\/highperformance.blackirongolf.es\/es\/wp-json\/wp\/v2\/pages\/2100\/revisions"}],"predecessor-version":[{"id":2104,"href":"https:\/\/highperformance.blackirongolf.es\/es\/wp-json\/wp\/v2\/pages\/2100\/revisions\/2104"}],"wp:attachment":[{"href":"https:\/\/highperformance.blackirongolf.es\/es\/wp-json\/wp\/v2\/media?parent=2100"}],"curies":[{"name":"wp","href":"https:\/\/api.w.org\/{rel}","templated":true}]}}